{"id":12,"date":"2019-01-23T00:41:59","date_gmt":"2019-01-22T15:41:59","guid":{"rendered":"http:\/\/www.tokyo-samurai.net\/?page_id=12"},"modified":"2021-10-09T03:52:54","modified_gmt":"2021-10-08T18:52:54","slug":"scene","status":"publish","type":"page","link":"https:\/\/www.tokyo-samurai.net\/fr\/scene\/","title":{"rendered":"scene"},"content":{"rendered":"<p><\/p>\n<section class=\"scene\">\n<div class=\"scene_content\">\n<div class=\"l-box\">\n<div class=\"swiper-container\">\n<div class=\"swiper-wrapper\">\n<div class=\"swiper-slide\">\n\t\t<img decoding=\"async\" src=\"https:\/\/www.tokyo-samurai.net\/wp-content\/themes\/samurai-tabi\/images\/scene_01.jpg\" alt=\"SAMURAI TABI(\u30b5\u30e0\u30e9\u30a4\u8db3\u888b)hand made product\">\n\t<\/div>\n<div class=\"swiper-slide\">\n\t\t<img decoding=\"async\" src=\"https:\/\/www.tokyo-samurai.net\/wp-content\/themes\/samurai-tabi\/images\/scene_02.jpg\" alt=\"SAMURAI TABI(\u30b5\u30e0\u30e9\u30a4\u8db3\u888b)hand made product\">\n\t<\/div>\n<div class=\"swiper-slide\">\n\t\t<img decoding=\"async\" src=\"https:\/\/www.tokyo-samurai.net\/wp-content\/themes\/samurai-tabi\/images\/scene_03.jpg\" alt=\"SAMURAI TABI(\u30b5\u30e0\u30e9\u30a4\u8db3\u888b)hand made product\">\n\t<\/div>\n<div class=\"swiper-slide\">\n\t\t<img decoding=\"async\" src=\"https:\/\/www.tokyo-samurai.net\/wp-content\/themes\/samurai-tabi\/images\/scene_04.jpg\" alt=\"SAMURAI TABI(\u30b5\u30e0\u30e9\u30a4\u8db3\u888b)hand made product\">\n\t<\/div>\n<div class=\"swiper-slide\">\n\t\t<img decoding=\"async\" src=\"https:\/\/www.tokyo-samurai.net\/wp-content\/themes\/samurai-tabi\/images\/scene_05.jpg\" alt=\"SAMURAI TABI(\u30b5\u30e0\u30e9\u30a4\u8db3\u888b)hand made product\">\n\t<\/div>\n<div class=\"swiper-slide\">\n\t\t<img decoding=\"async\" src=\"https:\/\/www.tokyo-samurai.net\/wp-content\/themes\/samurai-tabi\/images\/scene_06.jpg\" alt=\"SAMURAI TABI(\u30b5\u30e0\u30e9\u30a4\u8db3\u888b)hand made product\">\n\t<\/div>\n<div class=\"swiper-slide\">\n\t\t<img decoding=\"async\" src=\"https:\/\/www.tokyo-samurai.net\/wp-content\/themes\/samurai-tabi\/images\/scene_07.jpg\" alt=\"SAMURAI TABI(\u30b5\u30e0\u30e9\u30a4\u8db3\u888b)hand made product\">\n\t<\/div>\n<div class=\"swiper-slide\">\n\t\t<img decoding=\"async\" src=\"https:\/\/www.tokyo-samurai.net\/wp-content\/themes\/samurai-tabi\/images\/scene_08.jpg\" alt=\"SAMURAI TABI(\u30b5\u30e0\u30e9\u30a4\u8db3\u888b)hand made product\">\n\t<\/div>\n<div class=\"swiper-slide\">\n\t\t<img decoding=\"async\" src=\"https:\/\/www.tokyo-samurai.net\/wp-content\/themes\/samurai-tabi\/images\/scene_09.jpg\" alt=\"SAMURAI TABI(\u30b5\u30e0\u30e9\u30a4\u8db3\u888b)hand made product\">\n\t<\/div>\n<div class=\"swiper-slide\">\n\t\t<img decoding=\"async\" src=\"https:\/\/www.tokyo-samurai.net\/wp-content\/themes\/samurai-tabi\/images\/scene_10.jpg\" alt=\"SAMURAI TABI(\u30b5\u30e0\u30e9\u30a4\u8db3\u888b)hand made product\">\n\t<\/div>\n<div class=\"swiper-slide\">\n\t\t<img decoding=\"async\" src=\"https:\/\/www.tokyo-samurai.net\/wp-content\/themes\/samurai-tabi\/images\/scene_11.jpg\" alt=\"SAMURAI TABI(\u30b5\u30e0\u30e9\u30a4\u8db3\u888b)hand made product\">\n\t<\/div>\n<div class=\"swiper-slide\">\n<blockquote class=\"instagram-media\" data-instgrm-captioned data-instgrm-version=\"7\" style=\" background:#000; border:0; border-radius:3px; box-shadow:0 0 1px 0 rgba(0,0,0,0.5),0 1px 10px 0 rgba(0,0,0,0.15); margin: 1px; max-width:658px; padding:0; width:99.375%; width:-webkit-calc(100% - 2px); width:calc(100% - 2px);\">\n<div style=\"padding:8px;\">\n<div style=\" background:#000; line-height:0; margin-top:40px; padding:50.0% 0; text-align:center; width:100%;\">\n<div style=\" background:url(data:image\/png;base64,iVBORw0KGgoAAAANSUhEUgAAACwAAAAsCAMAAAApWqozAAAABGdBTUEAALGPC\/xhBQAAAAFzUkdCAK7OHOkAAAAMUExURczMzPf399fX1+bm5mzY9AMAAADiSURBVDjLvZXbEsMgCES5\/P8\/t9FuRVCRmU73JWlzosgSIIZURCjo\/ad+EQJJB4Hv8BFt+IDpQoCx1wjOSBFhh2XssxEIYn3ulI\/6MNReE07UIWJEv8UEOWDS88LY97kqyTliJKKtuYBbruAyVh5wOHiXmpi5we58Ek028czwyuQdLKPG1Bkb4NnM+VeAnfHqn1k4+GPT6uGQcvu2h2OVuIf\/gWUFyy8OWEpdyZSa3aVCqpVoVvzZZ2VTnn2wU8qzVjDDetO90GSy9mVLqtgYSy231MxrY6I2gGqjrTY0L8fxCxfCBbhWrsYYAAAAAElFTkSuQmCC); display:block; height:44px; margin:0 auto -44px; position:relative; top:-22px; width:44px;\"><\/div>\n<\/div>\n<p style=\" margin:8px 0 0 0; padding:0 4px;\"> <a href=\"https:\/\/www.instagram.com\/p\/BTVewTfgqeo\/\" style=\" color:#000; font-family:Arial,sans-serif; font-size:14px; font-style:normal; font-weight:normal; line-height:17px; text-decoration:none; word-wrap:break-word;\" target=\"_blank\"><\/a><\/p>\n<\/div>\n<\/blockquote>\n<p><script async defer src=\"\/\/platform.instagram.com\/en_US\/embeds.js\"><\/script>\n\t\t\t<\/div>\n<\/p><\/div>\n<p>        <!-- Add Pagination --><\/p>\n<div class=\"swiper-pagination\"><\/div>\n<\/p><\/div>\n<\/p><\/div>\n<p><!--- l-box end ---><\/p>\n<div class=\"r-box\">\n<p>\u00c0 son apog\u00e9e, en 1938, la ville de Gy\u014dda produit 84 millions de paires de tabi, soit 80% de la production nationale.<br \/>\nDe nos jours, avec une production stable de 8 millions de tabi par an, la ville de Gy\u014dda produit 60% de la production nationale. <\/p>\n<\/p><\/div>\n<\/p><\/div>\n<\/section>\n<p><\/p>","protected":false},"excerpt":{"rendered":"<p>\u00c0 son apog\u00e9e, en 1938, la ville de Gy\u014dda produit 84 millions de paires de tabi, soit 80% de la production nationale. De nos jours, avec une production stable de 8 millions de tabi par an, la ville de Gy\u014dda produit 60% de la production nationale.<\/p>\n","protected":false},"author":1,"featured_media":83,"parent":0,"menu_order":2,"comment_status":"closed","ping_status":"closed","template":"","meta":{"_exactmetrics_skip_tracking":false,"_exactmetrics_sitenote_active":false,"_exactmetrics_sitenote_note":"","_exactmetrics_sitenote_category":0,"footnotes":""},"class_list":["post-12","page","type-page","status-publish","has-post-thumbnail","hentry"],"aioseo_notices":[],"_links":{"self":[{"href":"https:\/\/www.tokyo-samurai.net\/fr\/wp-json\/wp\/v2\/pages\/12","targetHints":{"allow":["GET"]}}],"collection":[{"href":"https:\/\/www.tokyo-samurai.net\/fr\/wp-json\/wp\/v2\/pages"}],"about":[{"href":"https:\/\/www.tokyo-samurai.net\/fr\/wp-json\/wp\/v2\/types\/page"}],"author":[{"embeddable":true,"href":"https:\/\/www.tokyo-samurai.net\/fr\/wp-json\/wp\/v2\/users\/1"}],"replies":[{"embeddable":true,"href":"https:\/\/www.tokyo-samurai.net\/fr\/wp-json\/wp\/v2\/comments?post=12"}],"version-history":[{"count":6,"href":"https:\/\/www.tokyo-samurai.net\/fr\/wp-json\/wp\/v2\/pages\/12\/revisions"}],"predecessor-version":[{"id":115,"href":"https:\/\/www.tokyo-samurai.net\/fr\/wp-json\/wp\/v2\/pages\/12\/revisions\/115"}],"wp:featuredmedia":[{"embeddable":true,"href":"https:\/\/www.tokyo-samurai.net\/fr\/wp-json\/"}],"wp:attachment":[{"href":"https:\/\/www.tokyo-samurai.net\/fr\/wp-json\/wp\/v2\/media?parent=12"}],"curies":[{"name":"wp","href":"https:\/\/api.w.org\/{rel}","templated":true}]}}