{"id":119,"date":"2023-10-12T15:42:19","date_gmt":"2023-10-12T06:42:19","guid":{"rendered":"https:\/\/www.tokyo-samurai.net\/?page_id=119"},"modified":"2024-02-28T17:34:30","modified_gmt":"2024-02-28T08:34:30","slug":"experience","status":"publish","type":"page","link":"https:\/\/www.tokyo-samurai.net\/fr\/experience\/","title":{"rendered":"Centre d&rsquo;exp\u00e9rience de fabrication de Tabi"},"content":{"rendered":"<p><\/p>\n<section id=\"ecperience-top\" class=\"experience\">\n<h2>Centre d&rsquo;exp\u00e9rience de fabrication de Tabi<\/h2>\n<p>Une seule paire au monde ! Vous pouvez r\u00e9aliser votre propre tabi original !<\/p>\n<table class=\"experience__table\">\n<tbody>\n<tr>\n<th>Exp\u00e9rience de finition Tabi (environ 30 minutes)<\/th>\n<td class=\"price\">\u30003,000<span class=\"yen\">yens inclus&lt;\/span<\/span><\/td>\n<\/tr>\n<\/tbody>\n<\/table>\n<p>Vous pouvez d\u00e9couvrir le processus de finition des chaussettes tabi. Vous pouvez emporter chez vous vos chaussettes tabi samoura\u00ef pr\u00e9f\u00e9r\u00e9es.<br \/>\n*Livr\u00e9 avec vos chaussettes tabi samoura\u00ef pr\u00e9f\u00e9r\u00e9es<\/p>\n<table class=\"experience__table\">\n<tbody>\n<tr>\n<th>Exp\u00e9rience de fabrication de tabis (environ 30 minutes)<\/th>\n<td class=\"price\">\u30003,000<span class=\"yen\">yens inclus&lt;\/span<\/span><\/td>\n<\/tr>\n<\/tbody>\n<\/table>\n<p>Vous pouvez dessiner votre motif pr\u00e9f\u00e9r\u00e9 sur la partie blanche du tabi inachev\u00e9 avec un stylo, puis l&rsquo;artisan du tabi le terminera pour vous.<br \/>\n*Nous vous informerons d\u00e8s que le tabi sera termin\u00e9 \u00e0 une date ult\u00e9rieure.<\/p>\n<table class=\"experience__table\">\n<tbody>\n<tr>\n<th>Dates et heures disponibles pour la r\u00e9servation d&rsquo;essai<\/th>\n<td>du lundi au samedi (priorit\u00e9 de r\u00e9servation)<\/td>\n<\/tr>\n<tr>\n<th>Horaires de r\u00e9ception des r\u00e9servations<\/th>\n<td>du lundi au vendredi (9h00 \u00e0 18h00)<\/td>\n<\/tr>\n<tr>\n<th>T\u00c9L<\/th>\n<td>048-554-7325<\/td>\n<\/tr>\n<\/tbody>\n<\/table>\n<div class=\"experience__img experience__img--page\"><img decoding=\"async\" src=\"https:\/\/www.tokyo-samurai.net\/wp-content\/uploads\/2023\/10\/DSC_0130.jpg\" \/><br \/>\n<img decoding=\"async\" src=\"https:\/\/www.tokyo-samurai.net\/wp-content\/uploads\/2023\/10\/DSC_0132.jpg\" \/><br \/>\n<img decoding=\"async\" src=\"https:\/\/www.tokyo-samurai.net\/wp-content\/uploads\/2023\/10\/DSC_0133.jpg\" \/><img decoding=\"async\" src=\"https:\/\/www.tokyo-samurai.net\/wp-content\/uploads\/2023\/10\/DSC_0134.jpg\" \/><br \/>\n<img decoding=\"async\" src=\"https:\/\/www.tokyo-samurai.net\/wp-content\/uploads\/2023\/10\/DSC_0135.jpg\" \/><br \/>\n<img decoding=\"async\" src=\"https:\/\/www.tokyo-samurai.net\/wp-content\/uploads\/2023\/10\/DSC_0137.jpg\" \/><img decoding=\"async\" src=\"https:\/\/www.tokyo-samurai.net\/wp-content\/uploads\/2023\/10\/DSC_0138.jpg\" \/><br \/>\n<img decoding=\"async\" src=\"https:\/\/www.tokyo-samurai.net\/wp-content\/uploads\/2023\/10\/03-e1697598547766.jpg\" \/><br \/>\n<img decoding=\"async\" src=\"https:\/\/www.tokyo-samurai.net\/wp-content\/uploads\/2023\/10\/received_968670697235051-e1697598553344.jpg\" \/><br \/>\n<img decoding=\"async\" src=\"https:\/\/www.tokyo-samurai.net\/wp-content\/uploads\/2023\/10\/DSC_0044-e1697598560990.jpg\" \/><\/p>\n<\/div>\n<\/section>\n<p><\/p>","protected":false},"excerpt":{"rendered":"<p>Centre d&rsquo;exp\u00e9rience de fabrication de Tabi Une seule paire au monde ! Vous pouvez r\u00e9aliser votre propre tabi original ! Exp\u00e9rience de finition Tabi (environ 30 minutes) \u30003,000yens inclus&lt;\/span Vous pouvez d\u00e9couvrir le processus de finition des chaussettes tabi. Vous pouvez emporter chez vous vos chaussettes tabi samoura\u00ef pr\u00e9f\u00e9r\u00e9es. *Livr\u00e9 avec vos chaussettes tabi samoura\u00ef [&hellip;]<\/p>\n","protected":false},"author":2,"featured_media":83,"parent":0,"menu_order":6,"comment_status":"closed","ping_status":"closed","template":"","meta":{"_exactmetrics_skip_tracking":false,"_exactmetrics_sitenote_active":false,"_exactmetrics_sitenote_note":"","_exactmetrics_sitenote_category":0,"footnotes":""},"class_list":["post-119","page","type-page","status-publish","has-post-thumbnail","hentry"],"aioseo_notices":[],"_links":{"self":[{"href":"https:\/\/www.tokyo-samurai.net\/fr\/wp-json\/wp\/v2\/pages\/119","targetHints":{"allow":["GET"]}}],"collection":[{"href":"https:\/\/www.tokyo-samurai.net\/fr\/wp-json\/wp\/v2\/pages"}],"about":[{"href":"https:\/\/www.tokyo-samurai.net\/fr\/wp-json\/wp\/v2\/types\/page"}],"author":[{"embeddable":true,"href":"https:\/\/www.tokyo-samurai.net\/fr\/wp-json\/wp\/v2\/users\/2"}],"replies":[{"embeddable":true,"href":"https:\/\/www.tokyo-samurai.net\/fr\/wp-json\/wp\/v2\/comments?post=119"}],"version-history":[{"count":9,"href":"https:\/\/www.tokyo-samurai.net\/fr\/wp-json\/wp\/v2\/pages\/119\/revisions"}],"predecessor-version":[{"id":190,"href":"https:\/\/www.tokyo-samurai.net\/fr\/wp-json\/wp\/v2\/pages\/119\/revisions\/190"}],"wp:featuredmedia":[{"embeddable":true,"href":"https:\/\/www.tokyo-samurai.net\/fr\/wp-json\/"}],"wp:attachment":[{"href":"https:\/\/www.tokyo-samurai.net\/fr\/wp-json\/wp\/v2\/media?parent=119"}],"curies":[{"name":"wp","href":"https:\/\/api.w.org\/{rel}","templated":true}]}}